{"id":33,"date":"2016-11-09T14:44:46","date_gmt":"2016-11-09T14:44:46","guid":{"rendered":"http:\/\/shop-devvn.local\/?page_id=33"},"modified":"2020-09-12T15:02:34","modified_gmt":"2020-09-12T15:02:34","slug":"hinh-thuc-thanh-toan","status":"publish","type":"page","link":"https:\/\/mimiplaza.com\/en\/hinh-thuc-thanh-toan\/","title":{"rendered":"Payments"},"content":{"rendered":"<p>Khi qu\u00fd kh\u00e1ch mua h\u00e0ng c\u1ee7a <strong>MiMiPlaza<\/strong>, qu\u00fd kh\u00e1ch c\u00f3 th\u1ec3 thanh to\u00e1n b\u1eb1ng c\u00e1c h\u00ecnh th\u1ee9c nh\u01b0 sau:<\/p>\n<ul>\n<li>Thanh to\u00e1n b\u1eb1ng ti\u1ec1n m\u1eb7t sau khi nh\u1eadn h\u00e0ng (COD)<\/li>\n<li>Thanh to\u00e1n qua th\u1ebb ATM n\u1ed9i \u0111\u1ecba<\/li>\n<li>Thanh to\u00e1n qua th\u1ebb t\u00edn d\u1ee5ng, th\u1ebb ghi n\u1ee3<\/li>\n<li>Thanh to\u00e1n tr\u1ea3 g\u00f3p qua th\u1ebb t\u00edn d\u1ee5ng<\/li>\n<li>Thanh to\u00e1n chuy\u1ec3n kho\u1ea3n qua ng\u00e2n h\u00e0ng.<\/li>\n<\/ul>\n<p>C\u00e1c lo\u1ea1i th\u1ebb ATM n\u1ed9i \u0111\u1ecba <strong>MiMiPlaza\u00a0<\/strong>h\u1ed7 tr\u1ee3 thanh to\u00e1n.<\/p>\n<p><img loading=\"lazy\" class=\"alignnone size-full wp-image-1125\" src=\"http:\/\/mimiplaza.com\/wp-content\/uploads\/2020\/09\/vietcombank-1-108x45.png\" alt=\"\" width=\"108\" height=\"45\" \/><img loading=\"lazy\" class=\"alignnone size-full wp-image-1124\" src=\"http:\/\/mimiplaza.com\/wp-content\/uploads\/2020\/09\/techcombank-1-108x45.png\" alt=\"\" width=\"108\" height=\"45\" \/><img loading=\"lazy\" class=\"alignnone size-full wp-image-1122\" src=\"http:\/\/mimiplaza.com\/wp-content\/uploads\/2020\/09\/agribank-1-108x45.png\" alt=\"\" width=\"108\" height=\"45\" \/><img loading=\"lazy\" class=\"alignnone size-full wp-image-1123\" src=\"http:\/\/mimiplaza.com\/wp-content\/uploads\/2020\/09\/BIDV-1-108x45.png\" alt=\"\" width=\"108\" height=\"45\" \/><img loading=\"lazy\" class=\"alignnone size-full wp-image-1121\" src=\"http:\/\/mimiplaza.com\/wp-content\/uploads\/2020\/09\/acb-1-108x45.png\" alt=\"\" width=\"108\" height=\"45\" \/><\/p>","protected":false},"excerpt":{"rendered":"<p>Khi qu\u00fd kh\u00e1ch mua h\u00e0ng c\u1ee7a MiMiPlaza, qu\u00fd kh\u00e1ch c\u00f3 th\u1ec3 thanh to\u00e1n b\u1eb1ng c\u00e1c h\u00ecnh th\u1ee9c nh\u01b0 sau: Thanh to\u00e1n b\u1eb1ng ti\u1ec1n m\u1eb7t sau khi nh\u1eadn h\u00e0ng (COD) Thanh to\u00e1n qua th\u1ebb ATM n\u1ed9i \u0111\u1ecba Thanh to\u00e1n qua th\u1ebb t\u00edn d\u1ee5ng, th\u1ebb ghi n\u1ee3 Thanh to\u00e1n tr\u1ea3 g\u00f3p qua th\u1ebb t\u00edn d\u1ee5ng Thanh to\u00e1n&#8230;<\/p>","protected":false},"author":1,"featured_media":0,"parent":0,"menu_order":0,"comment_status":"closed","ping_status":"closed","template":"","meta":[],"_links":{"self":[{"href":"https:\/\/mimiplaza.com\/en\/wp-json\/wp\/v2\/pages\/33"}],"collection":[{"href":"https:\/\/mimiplaza.com\/en\/wp-json\/wp\/v2\/pages"}],"about":[{"href":"https:\/\/mimiplaza.com\/en\/wp-json\/wp\/v2\/types\/page"}],"author":[{"embeddable":true,"href":"https:\/\/mimiplaza.com\/en\/wp-json\/wp\/v2\/users\/1"}],"replies":[{"embeddable":true,"href":"https:\/\/mimiplaza.com\/en\/wp-json\/wp\/v2\/comments?post=33"}],"version-history":[{"count":7,"href":"https:\/\/mimiplaza.com\/en\/wp-json\/wp\/v2\/pages\/33\/revisions"}],"predecessor-version":[{"id":1129,"href":"https:\/\/mimiplaza.com\/en\/wp-json\/wp\/v2\/pages\/33\/revisions\/1129"}],"wp:attachment":[{"href":"https:\/\/mimiplaza.com\/en\/wp-json\/wp\/v2\/media?parent=33"}],"curies":[{"name":"wp","href":"https:\/\/api.w.org\/{rel}","templated":true}]}}