{"id":230,"date":"2016-11-21T17:59:36","date_gmt":"2016-11-21T17:59:36","guid":{"rendered":"http:\/\/shop-devvn.local\/?page_id=230"},"modified":"2020-11-24T13:34:20","modified_gmt":"2020-11-24T13:34:20","slug":"he-thong-dai-ly","status":"publish","type":"page","link":"https:\/\/mimiplaza.com\/en\/he-thong-dai-ly\/","title":{"rendered":"Agent System"},"content":{"rendered":"<p>Vui l\u00f2ng li\u00ean l\u1ea1c theo \u0111\u1ecba ch\u1ec9 g\u1ea7n nh\u1ea5t \u0111\u1ec3 MiMi Plaza c\u00f3 th\u1ec3 h\u1ed7 tr\u1ee3 b\u1ea1n \u0111\u01b0\u1ee3c nhanh nh\u1ea5t.<\/p>\n<p>1. MiMiPlaza Nh\u1eadt B\u1ea3n:\u00a0<strong>T\u1ea7ng 2, T\u00f2a nh\u00e0 GS Omori, 3-1-7 Sanno, Ota-ku, Tokyo 143-0023, Japan.<\/strong><\/p>\n<p>2. MiMiPlaza H\u00e0 N\u1ed9i: <strong>38 L\u1ec7nh C\u01b0, Ph\u1ed1 Kh\u00e2m Thi\u00ean, Qu\u1eadn \u0110\u1ed1ng \u0110a, Tp. H\u00e0 N\u1ed9i.<br \/>\n<\/strong><\/p>\n<p>3. MiMiPlaza B\u1eafc Ninh:\u00a0\u00a0<strong>Y\u00ean Phong, B\u1eafc Ninh.<\/strong><\/p>\n<p>4. MiMiPlaza Ngh\u1ec7 An: <strong>\u00a0Nguy\u1ec5n Tr\u00e3i, Ph\u01b0\u1eddng Ho\u00e0 Hi\u1ebfu, Th\u1ecb X\u00e3 Th\u00e1i Ho\u00e0, Ngh\u1ec7 An.<\/strong><\/p>\n<p>5. MiMiPlaza \u0110\u00e0 N\u1eb5ng:\u00a0<strong>K41\/12 \u0110\u1ed7 Quang, Qu\u1eadn Thanh Kh\u00ea, Tp. \u0110\u00e0 N\u1eb5ng.<\/strong><\/p>\n<p>6. MiMiPlaza H\u1ed3 Ch\u00ed Minh: <strong>164 Chu V\u0103n An, P26, Qu\u1eadn B\u00ecnh Th\u1ea1nh, Tp. H\u1ed3 Ch\u00ed Minh.<\/strong><\/p>\n<p>&nbsp;<\/p>\n<p>\u260e\ufe0f\u00a0\u0110i\u1ec7n Tho\u1ea1i Hotline Tokyo (+81)90-2999-6899 (s\u1ed1 Japan Wechat, Viber, Zalo)<\/p>\n<p>\u260e\ufe0f\u00a0Hotline Vi\u1ec7t Nam: 0978-488-009 (s\u1ed1 Viet Nam Wechat, Viber, Zalo)<\/p>\n<p>\ud83d\udce9\u00a0Email: mimiplaza.vn@gmail.com<\/p>\n<p>&nbsp;<\/p>","protected":false},"excerpt":{"rendered":"<p>Vui l\u00f2ng li\u00ean l\u1ea1c theo \u0111\u1ecba ch\u1ec9 g\u1ea7n nh\u1ea5t \u0111\u1ec3 MiMi Plaza c\u00f3 th\u1ec3 h\u1ed7 tr\u1ee3 b\u1ea1n \u0111\u01b0\u1ee3c nhanh nh\u1ea5t. 1. MiMiPlaza Nh\u1eadt B\u1ea3n:\u00a0T\u1ea7ng 2, T\u00f2a nh\u00e0 GS Omori, 3-1-7 Sanno, Ota-ku, Tokyo 143-0023, Japan. 2. MiMiPlaza H\u00e0 N\u1ed9i: 38 L\u1ec7nh C\u01b0, Ph\u1ed1 Kh\u00e2m Thi\u00ean, Qu\u1eadn \u0110\u1ed1ng \u0110a, Tp. H\u00e0 N\u1ed9i. 3. MiMiPlaza B\u1eafc Ninh:\u00a0\u00a0Y\u00ean&#8230;<\/p>","protected":false},"author":1,"featured_media":0,"parent":0,"menu_order":0,"comment_status":"closed","ping_status":"closed","template":"templates\/temp-fullwidth.php","meta":[],"_links":{"self":[{"href":"https:\/\/mimiplaza.com\/en\/wp-json\/wp\/v2\/pages\/230"}],"collection":[{"href":"https:\/\/mimiplaza.com\/en\/wp-json\/wp\/v2\/pages"}],"about":[{"href":"https:\/\/mimiplaza.com\/en\/wp-json\/wp\/v2\/types\/page"}],"author":[{"embeddable":true,"href":"https:\/\/mimiplaza.com\/en\/wp-json\/wp\/v2\/users\/1"}],"replies":[{"embeddable":true,"href":"https:\/\/mimiplaza.com\/en\/wp-json\/wp\/v2\/comments?post=230"}],"version-history":[{"count":18,"href":"https:\/\/mimiplaza.com\/en\/wp-json\/wp\/v2\/pages\/230\/revisions"}],"predecessor-version":[{"id":1425,"href":"https:\/\/mimiplaza.com\/en\/wp-json\/wp\/v2\/pages\/230\/revisions\/1425"}],"wp:attachment":[{"href":"https:\/\/mimiplaza.com\/en\/wp-json\/wp\/v2\/media?parent=230"}],"curies":[{"name":"wp","href":"https:\/\/api.w.org\/{rel}","templated":true}]}}