{"id":23,"date":"2016-11-08T16:37:31","date_gmt":"2016-11-08T16:37:31","guid":{"rendered":"http:\/\/shop-devvn.local\/?page_id=23"},"modified":"2020-09-13T00:22:58","modified_gmt":"2020-09-13T00:22:58","slug":"ho-tro-khach-hang","status":"publish","type":"page","link":"https:\/\/mimiplaza.com\/en\/ho-tro-khach-hang\/","title":{"rendered":"H\u1ed7 Tr\u1ee3 Kh\u00e1ch H\u00e0ng"},"content":{"rendered":"<div class=\"h_c\">\n<div>\n<p><strong>HOTLINE b\u1ed9 ph\u1eadn ba\u0301n ha\u0300ng Online: <span style=\"color: #ff0000;\">090-4054-927<\/span><\/strong><\/p>\n<p><strong>B\u01b0\u1edbc 1:\u00a0L\u1ef1a ch\u1ecdn s\u1ea3n ph\u1ea9m<\/strong><\/p>\n<p>&#8211; Click ch\u1ecdn v\u00e0o &#8220;<strong>Danh sa\u0301ch\u00a0s\u1ea3n ph\u1ea9m<\/strong>\u201d \u0111\u1ec3 l\u1ef1a ch\u1ecdn s\u1ea3n ph\u1ea9m.<\/p>\n<p>&#8211; S\u1eed d\u1ee5ng ch\u1ee9c n\u0103ng t\u00ecm ki\u1ebfm s\u1ea3n ph\u1ea9m \u0111\u1ec3 t\u00ecm nhanh s\u1ea3n ph\u1ea9m theo \u00fd th\u00edch, vui l\u00f2ng nh\u1eadp th\u00f4ng tin v\u00e0o \u00f4 &#8220;<strong>T\u00ecm ki\u1ebfm s\u1ea3n ph\u1ea9m<\/strong>&#8221; b\u00ean tr\u00e1i.<\/p>\n<p><strong>B\u01b0\u1edbc 2:<\/strong>\u00a0Quy\u1ebft \u0111\u1ecbnh \u0111\u1eb7t h\u00e0ng tr\u1ef1c tuy\u1ebfn Ch\u1ecdn bi\u1ec3u t\u01b0\u1ee3ng \u201c<strong>Gi\u1ecf h\u00e0ng<\/strong>\u201d t\u1ea1i danh s\u00e1ch li\u1ec7t k\u00ea t\u1ea5t c\u1ea3 s\u1ea3n ph\u1ea9m ho\u1eb7c bi\u1ec3u t\u01b0\u1ee3ng \u201c<strong>\u0110\u1eb7t h\u00e0ng<\/strong>\u201d trong chi ti\u1ebft s\u1ea3n ph\u1ea9m.<\/p>\n<p><strong>B\u01b0\u1edbc 3:\u00a0C\u1eadp nh\u1eadt th\u00f4ng tin gi\u1ecf h\u00e0ng<\/strong><\/p>\n<p>&#8211; L\u1ef1a ch\u1ecdn &#8220;<strong>S\u1ed1 l\u01b0\u1ee3ng<\/strong>&#8221;\u00a0cho s\u1ea3n ph\u1ea9m.<\/p>\n<p>&#8211; Ch\u1ecdn bi\u1ec3u t\u01b0\u1ee3ng &#8220;<strong>X\u00f3a<\/strong>&#8221; b\u00ean ph\u1ea3i n\u1ebfu mu\u1ed1n b\u1ecf s\u1ea3n ph\u1ea9m \u0111\u00f3 kh\u1ecfi gi\u1ecf h\u00e0ng.<\/p>\n<p>&#8211; Ch\u1ecdn \u201c<strong>Ti\u1ebfp t\u1ee5c mua<\/strong>\u201d khi mu\u1ed1n ch\u1ecdn th\u00eam s\u1ea3n ph\u1ea9m kh\u00e1c \u0111\u01b0a v\u00e0o gi\u1ecf h\u00e0ng.<\/p>\n<p>&#8211; Ch\u1ecdn &#8220;<strong>C\u1eadp nh\u1eadt gi\u1ecf h\u00e0ng<\/strong>&#8221; \u0111\u1ec3 ch\u1ed1t v\u00e0 bi\u1ebft t\u1ed5ng gi\u00e1 tr\u1ecb gi\u1ecf h\u00e0ng.<\/p>\n<p>&#8211; \u201c<strong>X\u00e1c nh\u1eadn<\/strong>\u201d khi b\u1ea1n \u0111\u00e3 ho\u00e0n t\u1ea5t vi\u1ec7c ch\u1ecdn v\u00e0 \u0111\u1eb7t\u00a0h\u00e0ng \u0111\u1ec3 \u0111\u1ebfn b\u01b0\u1edbc ti\u1ebfp theo.<\/p>\n<p><strong>B\u01b0\u1edbc 4:<\/strong>\u00a0<strong>X\u00e1c nh\u1eadn \u0111\u01a1n h\u00e0ng.<\/strong><\/p>\n<p>&#8211; \u0110\u01a1n h\u00e0ng ho\u00e0n ch\u1ec9nh hi\u1ec3n th\u1ecb to\u00e0n b\u1ed9 th\u00f4ng tin s\u1ea3n ph\u1ea9m, m\u00e3 sa\u0309n ph\u00e2\u0309m \u0111\u00e3 \u0111\u01b0\u1ee3c ch\u1ecdn v\u00e0 t\u1ed5ng gi\u00e1 tr\u1ecb \u0111\u01a1n h\u00e0ng.<\/p>\n<p>&#8211; Qu\u00fd kh\u00e1ch vui l\u00f2ng cung c\u1ea5p \u0111\u1ea7y \u0111\u1ee7 th\u00f4ng tin li\u00ean h\u1ec7\u00a0\u0111\u1ec3 ch\u00fang t\u00f4i\u00a0ti\u1ec7n li\u00ean l\u1ea1c v\u00e0 g\u1eedi th\u00f4ng b\u00e1o x\u00e1c nh\u1eadn \u0111\u01a1n h\u00e0ng.<\/p>\n<p>&#8211; M\u1ee5c \u201c<strong>Ghi ch\u00fa<\/strong>\u201d cho ph\u00e9p ghi ch\u00fa th\u1eddi gian nh\u1eadn h\u00e0ng ho\u1eb7c nh\u1eefng y\u00eau c\u1ea7u kh\u00e1c \u0111\u1ec3\u00a0ti\u1ec7n x\u1eed l\u00fd \u0111\u01a1n h\u00e0ng.<\/p>\n<p><strong>B\u01b0\u1edbc 5<\/strong>:\u00a0<strong>Ho\u00e0n t\u1ea5t vi\u1ec7c \u0111\u1eb7t h\u00e0ng<\/strong><\/p>\n<p>Khi qu\u00fd kh\u00e1ch ch\u1ecdn \u201c<strong>X\u00e1c nh\u1eadn<\/strong>\u201d, th\u00f4ng tin \u0111\u1eb7t\u00a0h\u00e0ng \u0111\u00e3 \u0111\u01b0\u1ee3c g\u1eedi \u0111\u1ebfn ban qu\u1ea3n tr\u1ecb s\u1ebd g\u1eedi email v\u00e0 li\u00ean l\u1ea1c qua \u0111i\u1ec7n tho\u1ea1i \u0111\u1ec3 x\u00e1c nh\u1eadn l\u1ea1i \u0111\u01a1n h\u00e0ng (ngo\u1ea1i tr\u1eeb ng\u00e0y l\u1ec5 &#8211; t\u1ebft).<\/p>\n<\/div>\n<\/div>","protected":false},"excerpt":{"rendered":"<p>HOTLINE b\u1ed9 ph\u1eadn ba\u0301n ha\u0300ng Online: 090-4054-927 B\u01b0\u1edbc 1:\u00a0L\u1ef1a ch\u1ecdn s\u1ea3n ph\u1ea9m &#8211; Click ch\u1ecdn v\u00e0o &#8220;Danh sa\u0301ch\u00a0s\u1ea3n ph\u1ea9m\u201d \u0111\u1ec3 l\u1ef1a ch\u1ecdn s\u1ea3n ph\u1ea9m. &#8211; S\u1eed d\u1ee5ng ch\u1ee9c n\u0103ng t\u00ecm ki\u1ebfm s\u1ea3n ph\u1ea9m \u0111\u1ec3 t\u00ecm nhanh s\u1ea3n ph\u1ea9m theo \u00fd th\u00edch, vui l\u00f2ng nh\u1eadp th\u00f4ng tin v\u00e0o \u00f4 &#8220;T\u00ecm ki\u1ebfm s\u1ea3n ph\u1ea9m&#8221; b\u00ean tr\u00e1i. B\u01b0\u1edbc&#8230;<\/p>","protected":false},"author":1,"featured_media":0,"parent":0,"menu_order":0,"comment_status":"closed","ping_status":"closed","template":"","meta":[],"_links":{"self":[{"href":"https:\/\/mimiplaza.com\/en\/wp-json\/wp\/v2\/pages\/23"}],"collection":[{"href":"https:\/\/mimiplaza.com\/en\/wp-json\/wp\/v2\/pages"}],"about":[{"href":"https:\/\/mimiplaza.com\/en\/wp-json\/wp\/v2\/types\/page"}],"author":[{"embeddable":true,"href":"https:\/\/mimiplaza.com\/en\/wp-json\/wp\/v2\/users\/1"}],"replies":[{"embeddable":true,"href":"https:\/\/mimiplaza.com\/en\/wp-json\/wp\/v2\/comments?post=23"}],"version-history":[{"count":11,"href":"https:\/\/mimiplaza.com\/en\/wp-json\/wp\/v2\/pages\/23\/revisions"}],"predecessor-version":[{"id":1148,"href":"https:\/\/mimiplaza.com\/en\/wp-json\/wp\/v2\/pages\/23\/revisions\/1148"}],"wp:attachment":[{"href":"https:\/\/mimiplaza.com\/en\/wp-json\/wp\/v2\/media?parent=23"}],"curies":[{"name":"wp","href":"https:\/\/api.w.org\/{rel}","templated":true}]}}